{"id":2,"date":"2024-10-03T15:04:04","date_gmt":"2024-10-03T14:04:04","guid":{"rendered":"https:\/\/www.martin-parvanov.com\/?page_id=2"},"modified":"2025-12-08T10:13:21","modified_gmt":"2025-12-08T08:13:21","slug":"projects","status":"publish","type":"page","link":"https:\/\/www.martin-parvanov.com\/de-de\/projects\/","title":{"rendered":"Projekte"},"content":{"rendered":"<div class=\"wpb-content-wrapper\"><div class=\"vc_row wpb_row row top-row wpb_custom_034b39d9bc6c6b310d69e39f0ccf274f\"><div class=\"vc_column_container col-md-12\"><div class=\"wpb_wrapper vc_column-inner\">\r\n\t<div class=\"wpb_text_column wpb_content_element wpb_custom_7c91d232724f73626cc933bd95b25ff0\" >\r\n\t\t<div class=\"wpb_wrapper\">\r\n\t\t\t<h2><b>Projekte<\/b><\/h2>\n<p><span style=\"font-weight: 400;\">Auf dieser Seite pr\u00e4sentiere ich einige der Projekte, an denen ich derzeit arbeite oder die ich aktuell betreue. Es handelt sich um reale Beispiele aus meiner Praxis im Bereich <\/span>SEO-Optimierung und Website-Betreuung<span style=\"font-weight: 400;\">.<\/span><\/p>\n<p><span style=\"font-weight: 400;\">Mein Ziel ist es, meinen Arbeitsansatz, die erzielten Ergebnisse und die Vielfalt der Kunden zu zeigen, mit denen ich bereits zusammenarbeiten durfte. Wenn auch du nach jemandem suchst, dem du die digitale Pr\u00e4senz deines Unternehmens anvertrauen kannst, freue ich mich auf ein Gespr\u00e4ch mit dir.<\/span><span style=\"font-weight: 400;\">.<\/span><\/p>\n\r\n\t\t<\/div>\r\n\t<\/div>\r\n\n\t<div class=\"wpb_raw_code wpb_raw_html wpb_content_element\" >\n\t\t<div class=\"wpb_wrapper\">\n\t\t\t<a href=\"https:\/\/www.martin-parvanov.com\/de-de\/\" title=\"\u0420\u0430\u0437\u0433\u043b\u0435\u0434\u0430\u0439 \u043a\u0430\u043a \u043c\u043e\u0433\u0430 \u0434\u0430 \u043f\u043e\u043c\u043e\u0433\u043d\u0430 \u0441 \u043e\u043f\u0442\u0438\u043c\u0438\u0437\u0430\u0446\u0438\u044f \u0438 \u043f\u043e\u0434\u0434\u0440\u044a\u0436\u043a\u0430\">\r\n  Sieh dir an, wie ich deinem Unternehmen helfen kann \u2013 zur\u00fcck zur Startseite.\r\n<\/a>\r\n\n\t\t<\/div>\n\t<\/div>\n<\/div><\/div><\/div><div class=\"vc_row wpb_row row top-row wpb_custom_034b39d9bc6c6b310d69e39f0ccf274f\"><div class=\"vc_column_container col-md-4\"><div class=\"wpb_wrapper vc_column-inner\">\r\n\t<div class=\"wpb_single_image wpb_content_element vc_align_left wpb_content_element  wpb_custom_81a4f7ef9830bf958462581aa01150fb\"><div class=\"wpb_wrapper\">\r\n\t\t\t\r\n\t\t\t<a href=\"https:\/\/krastovagorabg.com\/\" target=\"_self\" aria-label=\"Zoom the image\" rel=\"noopener\"><div class=\"vc_single_image-wrapper vc_box_shadow_border  vc_box_border_grey\"><img loading=\"lazy\" decoding=\"async\" width=\"1062\" height=\"773\" src=\"https:\/\/www.martin-parvanov.com\/wp-content\/uploads\/2025\/05\/\u041b\u043e\u0433\u043e-\u0427\u0438\u0444\u043b\u0438\u043a-\u041a\u0440\u044a\u0441\u0442\u043e\u0432\u0430-\u0433\u043e\u0440\u0430.jpg\" class=\"vc_single_image-img attachment-full\" alt=\"\u041b\u043e\u0433\u043e \u043d\u0430 \u0427\u0438\u0444\u043b\u0438\u043a \u041a\u0440\u044a\u0441\u0442\u043e\u0432\u0430 \u0433\u043e\u0440\u0430 \u2013 \u043c\u0430\u0433\u0430\u0437\u0438\u043d \u0437\u0430 \u0444\u0435\u0440\u043c\u0435\u0440\u0441\u043a\u0438 \u043c\u043b\u0435\u0447\u043d\u0438 \u0438 \u043c\u0435\u0441\u043d\u0438 \u043f\u0440\u043e\u0434\u0443\u043a\u0442\u0438 \u043e\u0442 \u0411\u044a\u043b\u0433\u0430\u0440\u0438\u044f\" title=\"\u041b\u043e\u0433\u043e \u0427\u0438\u0444\u043b\u0438\u043a \u041a\u0440\u044a\u0441\u0442\u043e\u0432\u0430 \u0433\u043e\u0440\u0430\" srcset=\"https:\/\/www.martin-parvanov.com\/wp-content\/uploads\/2025\/05\/\u041b\u043e\u0433\u043e-\u0427\u0438\u0444\u043b\u0438\u043a-\u041a\u0440\u044a\u0441\u0442\u043e\u0432\u0430-\u0433\u043e\u0440\u0430.jpg 1062w, https:\/\/www.martin-parvanov.com\/wp-content\/uploads\/2025\/05\/\u041b\u043e\u0433\u043e-\u0427\u0438\u0444\u043b\u0438\u043a-\u041a\u0440\u044a\u0441\u0442\u043e\u0432\u0430-\u0433\u043e\u0440\u0430-1024x745.jpg 1024w, https:\/\/www.martin-parvanov.com\/wp-content\/uploads\/2025\/05\/\u041b\u043e\u0433\u043e-\u0427\u0438\u0444\u043b\u0438\u043a-\u041a\u0440\u044a\u0441\u0442\u043e\u0432\u0430-\u0433\u043e\u0440\u0430-768x559.jpg 768w, https:\/\/www.martin-parvanov.com\/wp-content\/uploads\/2025\/05\/\u041b\u043e\u0433\u043e-\u0427\u0438\u0444\u043b\u0438\u043a-\u041a\u0440\u044a\u0441\u0442\u043e\u0432\u0430-\u0433\u043e\u0440\u0430-640x466.jpg 640w, https:\/\/www.martin-parvanov.com\/wp-content\/uploads\/2025\/05\/\u041b\u043e\u0433\u043e-\u0427\u0438\u0444\u043b\u0438\u043a-\u041a\u0440\u044a\u0441\u0442\u043e\u0432\u0430-\u0433\u043e\u0440\u0430-400x291.jpg 400w, https:\/\/www.martin-parvanov.com\/wp-content\/uploads\/2025\/05\/\u041b\u043e\u0433\u043e-\u0427\u0438\u0444\u043b\u0438\u043a-\u041a\u0440\u044a\u0441\u0442\u043e\u0432\u0430-\u0433\u043e\u0440\u0430-367x267.jpg 367w\" sizes=\"auto, (max-width: 1062px) 100vw, 1062px\" \/><\/div><\/a>\r\n\t\t<\/div>\r\n\t<\/div>\r\n\r\n\t<div class=\"wpb_text_column wpb_content_element wpb_custom_7c91d232724f73626cc933bd95b25ff0\" >\r\n\t\t<div class=\"wpb_wrapper\">\r\n\t\t\t<h3 data-start=\"104\" data-end=\"167\"><strong>Chiflik Krastova Gora \u2013 Bauernprodukte aus dem Herzen Bulgariens<\/strong><\/h3>\n<p>&nbsp;<\/p>\n<p class=\"\" data-start=\"168\" data-end=\"220\">\ud83d\udfe2 <a class=\"\" href=\"https:\/\/krastovagorabg.com\/\" target=\"_new\" rel=\"noopener\" data-start=\"171\" data-end=\"220\">krastovagorabg.com<\/a><\/p>\n<p class=\"\" data-start=\"222\" data-end=\"683\">\u00a0Website f\u00fcr authentische Bauernprodukte, hergestellt mit Sorgfalt und Tradition. Das Projekt umfasst die vollst\u00e4ndige Wartung der Website, technische Optimierung und eine SEO-Strategie f\u00fcr bessere Sichtbarkeit in Suchmaschinen. Das Produktsortiment umfasst K\u00e4se, Wurstwaren, Eier, Honig und andere nat\u00fcrliche Lebensmittel, die direkt von kleinen Erzeugern an die Kunden geliefert werden. Wir arbeiten aktiv an der Weiterentwicklung der Online-Pr\u00e4senz, um mehr Liebhaber hochwertiger Lebensmittel in Bulgarien und im Ausland zu erreichen.<\/p>\n\r\n\t\t<\/div>\r\n\t<\/div>\r\n<\/div><\/div><div class=\"vc_column_container col-md-4\"><div class=\"wpb_wrapper vc_column-inner\">\r\n\t<div class=\"wpb_single_image wpb_content_element vc_align_left wpb_content_element  wpb_custom_81a4f7ef9830bf958462581aa01150fb\"><div class=\"wpb_wrapper\">\r\n\t\t\t\r\n\t\t\t<a href=\"https:\/\/ancestralantiques.com.au\/\" target=\"_self\" aria-label=\"Zoom the image\" rel=\"noopener\"><div class=\"vc_single_image-wrapper   vc_box_border_grey\"><img loading=\"lazy\" decoding=\"async\" width=\"1280\" height=\"1280\" src=\"https:\/\/www.martin-parvanov.com\/wp-content\/uploads\/2025\/06\/\u041b\u043e\u0433\u043e-Ancestral-Antiques.jpg\" class=\"vc_single_image-img attachment-full\" alt=\"\u041b\u043e\u0433\u043e \u043d\u0430 Ancestral Antiques \u2013 \u043e\u043d\u043b\u0430\u0439\u043d \u043c\u0430\u0433\u0430\u0437\u0438\u043d \u0437\u0430 \u0430\u043d\u0442\u0438\u043a\u0438 \u0438 \u0432\u0438\u043d\u0442\u0438\u0434\u0436 \u043f\u0440\u0435\u0434\u043c\u0435\u0442\u0438 \u043e\u0442 \u0410\u0432\u0441\u0442\u0440\u0430\u043b\u0438\u044f \u0438 \u0415\u0432\u0440\u043e\u043f\u0430\" title=\"\u041b\u043e\u0433\u043e Ancestral Antiques\" srcset=\"https:\/\/www.martin-parvanov.com\/wp-content\/uploads\/2025\/06\/\u041b\u043e\u0433\u043e-Ancestral-Antiques.jpg 1280w, https:\/\/www.martin-parvanov.com\/wp-content\/uploads\/2025\/06\/\u041b\u043e\u0433\u043e-Ancestral-Antiques-1024x1024.jpg 1024w, https:\/\/www.martin-parvanov.com\/wp-content\/uploads\/2025\/06\/\u041b\u043e\u0433\u043e-Ancestral-Antiques-768x768.jpg 768w, https:\/\/www.martin-parvanov.com\/wp-content\/uploads\/2025\/06\/\u041b\u043e\u0433\u043e-Ancestral-Antiques-640x640.jpg 640w, https:\/\/www.martin-parvanov.com\/wp-content\/uploads\/2025\/06\/\u041b\u043e\u0433\u043e-Ancestral-Antiques-400x400.jpg 400w, https:\/\/www.martin-parvanov.com\/wp-content\/uploads\/2025\/06\/\u041b\u043e\u0433\u043e-Ancestral-Antiques-560x560.jpg 560w, https:\/\/www.martin-parvanov.com\/wp-content\/uploads\/2025\/06\/\u041b\u043e\u0433\u043e-Ancestral-Antiques-367x367.jpg 367w\" sizes=\"auto, (max-width: 1280px) 100vw, 1280px\" \/><\/div><\/a>\r\n\t\t<\/div>\r\n\t<\/div>\r\n\r\n\t<div class=\"wpb_text_column wpb_content_element wpb_custom_7c91d232724f73626cc933bd95b25ff0\" >\r\n\t\t<div class=\"wpb_wrapper\">\r\n\t\t\t<h3 data-start=\"436\" data-end=\"458\"><strong data-start=\"164\" data-end=\"236\">Ancestral Antiques \u2013 Online-Shop f\u00fcr Antiquit\u00e4ten mit Geschichte<\/strong><\/h3>\n<p data-start=\"436\" data-end=\"458\"><br data-start=\"236\" data-end=\"239\" \/>\ud83d\udfe2 <a class=\"\" href=\"https:\/\/ancestralantiques.com.au\/\" target=\"_new\" rel=\"noopener\" data-start=\"242\" data-end=\"303\">ancestralantiques.com.au<\/a><\/p>\n<p data-start=\"436\" data-end=\"458\"><br data-start=\"303\" data-end=\"306\" \/>Online-Plattform, spezialisiert auf den Verkauf authentischer Antiquit\u00e4ten und Familienkollektionen. Das Projekt umfasst laufende SEO-Optimierung, Verbesserungen an Inhalt und Struktur sowie die technische Wartung der Website. Wir arbeiten an der Sichtbarkeit in Google und an der Stabilit\u00e4t der Plattform, damit sie ein internationales Publikum erreicht, das nach einzigartigen Fundst\u00fccken und Objekten mit Geschichte sucht.<\/p>\n\r\n\t\t<\/div>\r\n\t<\/div>\r\n<\/div><\/div><div class=\"vc_column_container col-md-4\"><div class=\"wpb_wrapper vc_column-inner\">\r\n\t<div class=\"wpb_single_image wpb_content_element vc_align_left wpb_content_element  wpb_custom_81a4f7ef9830bf958462581aa01150fb\"><div class=\"wpb_wrapper\">\r\n\t\t\t\r\n\t\t\t<a href=\"https:\/\/www.fermazaeshkatakashta.com\/\" target=\"_self\" aria-label=\"Zoom the image\" rel=\"noopener\"><div class=\"vc_single_image-wrapper   vc_box_border_grey\"><img loading=\"lazy\" decoding=\"async\" width=\"480\" height=\"480\" src=\"https:\/\/www.martin-parvanov.com\/wp-content\/uploads\/2025\/06\/\u041b\u043e\u0433\u043e-\u0417\u0430\u0435\u0448\u043a\u0430\u0442\u0430-\u043a\u044a\u0449\u0430.jpg\" class=\"vc_single_image-img attachment-full\" alt=\"\u041b\u043e\u0433\u043e \u043d\u0430 \u0444\u0435\u0440\u043c\u0430 \u0417\u0430\u0435\u0448\u043a\u0430\u0442\u0430 \u041a\u044a\u0449\u0430 \u2013 \u0441\u043f\u0435\u0446\u0438\u0430\u043b\u0438\u0437\u0438\u0440\u0430\u043d\u0430 \u0432\u044a\u0432 \u0444\u0435\u0440\u043c\u0435\u0440\u0441\u043a\u043e \u043e\u0442\u0433\u043b\u0435\u0436\u0434\u0430\u043d\u0435 \u043d\u0430 \u0437\u0430\u0439\u0446\u0438 \u043e\u0442 2016 \u0433\u043e\u0434\u0438\u043d\u0430\" title=\"\u041b\u043e\u0433\u043e \u0417\u0430\u0435\u0448\u043a\u0430\u0442\u0430 \u043a\u044a\u0449\u0430\" srcset=\"https:\/\/www.martin-parvanov.com\/wp-content\/uploads\/2025\/06\/\u041b\u043e\u0433\u043e-\u0417\u0430\u0435\u0448\u043a\u0430\u0442\u0430-\u043a\u044a\u0449\u0430.jpg 480w, https:\/\/www.martin-parvanov.com\/wp-content\/uploads\/2025\/06\/\u041b\u043e\u0433\u043e-\u0417\u0430\u0435\u0448\u043a\u0430\u0442\u0430-\u043a\u044a\u0449\u0430-400x400.jpg 400w, https:\/\/www.martin-parvanov.com\/wp-content\/uploads\/2025\/06\/\u041b\u043e\u0433\u043e-\u0417\u0430\u0435\u0448\u043a\u0430\u0442\u0430-\u043a\u044a\u0449\u0430-367x367.jpg 367w\" sizes=\"auto, (max-width: 480px) 100vw, 480px\" \/><\/div><\/a>\r\n\t\t<\/div>\r\n\t<\/div>\r\n\r\n\t<div class=\"wpb_text_column wpb_content_element wpb_custom_7c91d232724f73626cc933bd95b25ff0\" >\r\n\t\t<div class=\"wpb_wrapper\">\r\n\t\t\t<h3 data-start=\"177\" data-end=\"846\">Ferma Zaeshkata Kashta \u2013 Bauernprodukte von bulgarischen Erzeugern<\/h3>\n<p data-start=\"177\" data-end=\"846\"><br data-start=\"248\" data-end=\"251\" \/>\ud83d\udfe2 <a class=\"\" href=\"https:\/\/www.fermazaeshkatakashta.com\/\" target=\"_new\" rel=\"noopener\" data-start=\"254\" data-end=\"319\">fermazaeshkatakashta.com<\/a><\/p>\n<p data-start=\"177\" data-end=\"846\"><br data-start=\"319\" data-end=\"322\" \/>Website eines Familienbetriebs, der sich auf die Zucht von Kaninchen und den Verkauf von Kaninchenfleischprodukten spezialisiert hat. Neben der eigenen Produktion bietet die Website ausgew\u00e4hlte Bauernprodukte anderer bulgarischer Erzeuger an \u2013 K\u00e4se, Kaskaval, Wurstwaren, Honig und nat\u00fcrliche Lebensmittel. Das Projekt umfasst SEO-Optimierung, technische Wartung und die Strukturierung der Inhalte, damit Kunden die Produkte leicht in Google und KI-Suchmaschinen finden k\u00f6nnen. Wir arbeiten aktiv an der Online-Pr\u00e4senz, um die Sichtbarkeit und das Vertrauen in kleine landwirtschaftliche Marken zu st\u00e4rken.<\/p>\n\r\n\t\t<\/div>\r\n\t<\/div>\r\n<\/div><\/div><\/div>\n<\/div>","protected":false},"excerpt":{"rendered":"\u041f\u0440\u043e\u0435\u043a\u0442\u0438 \u041d\u0430 \u0442\u0430\u0437\u0438 \u0441\u0442\u0440\u0430\u043d\u0438\u0446\u0430 \u043f\u0440\u0435\u0434\u0441\u0442\u0430\u0432\u044f\u043c \u0447\u0430\u0441\u0442 \u043e\u0442 \u043f\u0440\u043e\u0435\u043a\u0442\u0438\u0442\u0435, \u0432\u044a\u0440\u0445\u0443 \u043a\u043e\u0438\u0442\u043e \u0440\u0430\u0431\u043e\u0442\u044f \u0438\u043b\u0438 \u043a\u043e\u0438\u0442\u043e \u043f\u043e\u0434\u0434\u044a\u0440\u0436\u0430\u043c \u0432 \u043c\u043e\u043c\u0435\u043d\u0442\u0430. \u0422\u043e\u0432\u0430 \u0441\u0430 \u0440\u0435\u0430\u043b\u043d\u0438 \u043f\u0440\u0438\u043c\u0435\u0440\u0438 \u043e\u0442 \u043f\u0440\u0430\u043a\u0442\u0438\u043a\u0430\u0442\u0430 \u043c\u0438, \u0441\u0432\u044a\u0440\u0437\u0430\u043d\u0438 \u0441 SEO \u043e\u043f\u0442\u0438\u043c\u0438\u0437\u0430\u0446\u0438\u044f \u0438 \u043f\u043e\u0434\u0434\u0440\u044a\u0436\u043a\u0430 \u043d\u0430 \u0443\u0435\u0431\u0441\u0430\u0439\u0442\u043e\u0432\u0435. \u0426\u0435\u043b\u0442\u0430 \u043c\u0438 \u0435 \u0434\u0430 \u043f\u043e\u043a\u0430\u0436\u0430 \u043f\u043e\u0434\u0445\u043e\u0434\u0430 \u0441\u0438 \u043a\u044a\u043c \u0440\u0430\u0431\u043e\u0442\u0430\u0442\u0430, \u0440\u0435\u0437\u0443\u043b\u0442\u0430\u0442\u0438\u0442\u0435, \u043a\u043e\u0438\u0442\u043e \u043f\u043e\u0441\u0442\u0438\u0433\u0430\u043c, \u0438 \u0440\u0430\u0437\u043d\u043e\u043e\u0431\u0440\u0430\u0437\u0438\u0435\u0442\u043e \u043e\u0442 \u043a\u043b\u0438\u0435\u043d\u0442\u0438, \u0441 \u043a\u043e\u0438\u0442\u043e \u0441\u044a\u043c \u0438\u043c\u0430\u043b \u0443\u0434\u043e\u0432\u043e\u043b\u0441\u0442\u0432\u0438\u0435\u0442\u043e \u0434\u0430 \u0441\u0438 \u043f\u0430\u0440\u0442\u043d\u0438\u0440\u0430\u043c. [...]","protected":false},"author":1,"featured_media":0,"parent":0,"menu_order":0,"comment_status":"closed","ping_status":"open","template":"","meta":{"footnotes":""},"class_list":["post-2","page","type-page","status-publish","hentry"],"_links":{"self":[{"href":"https:\/\/www.martin-parvanov.com\/de-de\/wp-json\/wp\/v2\/pages\/2","targetHints":{"allow":["GET"]}}],"collection":[{"href":"https:\/\/www.martin-parvanov.com\/de-de\/wp-json\/wp\/v2\/pages"}],"about":[{"href":"https:\/\/www.martin-parvanov.com\/de-de\/wp-json\/wp\/v2\/types\/page"}],"author":[{"embeddable":true,"href":"https:\/\/www.martin-parvanov.com\/de-de\/wp-json\/wp\/v2\/users\/1"}],"replies":[{"embeddable":true,"href":"https:\/\/www.martin-parvanov.com\/de-de\/wp-json\/wp\/v2\/comments?post=2"}],"version-history":[{"count":18,"href":"https:\/\/www.martin-parvanov.com\/de-de\/wp-json\/wp\/v2\/pages\/2\/revisions"}],"predecessor-version":[{"id":584,"href":"https:\/\/www.martin-parvanov.com\/de-de\/wp-json\/wp\/v2\/pages\/2\/revisions\/584"}],"wp:attachment":[{"href":"https:\/\/www.martin-parvanov.com\/de-de\/wp-json\/wp\/v2\/media?parent=2"}],"curies":[{"name":"wp","href":"https:\/\/api.w.org\/{rel}","templated":true}]}}