{"id":119,"date":"2025-05-22T17:48:19","date_gmt":"2025-05-22T14:48:19","guid":{"rendered":"https:\/\/www.martin-parvanov.com\/?page_id=119"},"modified":"2025-08-30T10:47:55","modified_gmt":"2025-08-30T08:47:55","slug":"impressum","status":"publish","type":"page","link":"https:\/\/www.martin-parvanov.com\/de-de\/impressum\/","title":{"rendered":"Impressum"},"content":{"rendered":"<div class=\"wpb-content-wrapper\"><div class=\"vc_row wpb_row row top-row wpb_custom_034b39d9bc6c6b310d69e39f0ccf274f\"><div class=\"vc_column_container col-md-12\"><div class=\"wpb_wrapper vc_column-inner\">\r\n\t<div class=\"wpb_text_column wpb_content_element wpb_custom_7c91d232724f73626cc933bd95b25ff0\" >\r\n\t\t<div class=\"wpb_wrapper\">\r\n\t\t\t<p>Impressum gem\u00e4\u00df \u00a7 5 TMG, \u00a7 55 Abs. 2 RStV und Art. 24 DSA<\/p>\n<p>Stanislav Nikolaev Markov<br \/>\nABN: 45 789 495 812<br \/>\nFirmensitz Australien:<br \/>\nPO Box 326<br \/>\nSt Albans, VIC 3021<br \/>\nAustralien<\/p>\n<p>E-Mail: info@martin-parvanov.com<br \/>\nWebseite: https:\/\/martin-parvanov.com<\/p>\n<p>Verantwortlich f\u00fcr den Inhalt nach \u00a7 55 Abs. 2 RStV:<br \/>\nStanislav Nikolaev Markov<\/p>\n<p>Angebotene Dienstleistungen:<br \/>\nSEO-Optimierung, GEO-Optimierung, Webseitenbetreuung und Social Media Management<br \/>\nmit Fokus auf bulgarische Unternehmen in Deutschland.<\/p>\n<p>Haftungsausschluss:<br \/>\nTrotz sorgf\u00e4ltiger inhaltlicher Kontrolle \u00fcbernehmen wir keine Haftung f\u00fcr die Inhalte externer Links. F\u00fcr den Inhalt verlinkter Seiten sind ausschlie\u00dflich deren Betreiber verantwortlich.<\/p>\n<p>Urheberrecht:<br \/>\nAlle Inhalte, Texte und Bilder auf dieser Webseite unterliegen dem Urheberrecht von Stanislav Nikolaev Markov, sofern nicht anders angegeben.<\/p>\n<p>Information gem\u00e4\u00df Art. 24 DSA (Digital Services Act):<br \/>\nDiese Webseite wird innerhalb der EU angeboten und stellt keine systemrelevante Online-Plattform im Sinne des Digital Services Act dar. Beschwerden oder rechtliche Anfragen k\u00f6nnen an die oben genannte E-Mail-Adresse gesendet werden.<\/p>\n\r\n\t\t<\/div>\r\n\t<\/div>\r\n<\/div><\/div><\/div>\n<\/div>","protected":false},"excerpt":{"rendered":"Impressum gem\u00e4\u00df \u00a7 5 TMG, \u00a7 55 Abs. 2 RStV und Art. 24 DSA Stanislav Nikolaev Markov ABN: 45 789 495 812 Firmensitz Australien: PO Box 326 St Albans, VIC 3021 Australien E-Mail: info@martin-parvanov.com Webseite: https:\/\/martin-parvanov.com Verantwortlich f\u00fcr den Inhalt nach \u00a7 55 Abs. 2 RStV: Stanislav Nikolaev Markov Angebotene Dienstleistungen: SEO-Optimierung, GEO-Optimierung, Webseitenbetreuung und [...]","protected":false},"author":1,"featured_media":0,"parent":0,"menu_order":0,"comment_status":"closed","ping_status":"closed","template":"","meta":{"footnotes":""},"class_list":["post-119","page","type-page","status-publish","hentry"],"_links":{"self":[{"href":"https:\/\/www.martin-parvanov.com\/de-de\/wp-json\/wp\/v2\/pages\/119","targetHints":{"allow":["GET"]}}],"collection":[{"href":"https:\/\/www.martin-parvanov.com\/de-de\/wp-json\/wp\/v2\/pages"}],"about":[{"href":"https:\/\/www.martin-parvanov.com\/de-de\/wp-json\/wp\/v2\/types\/page"}],"author":[{"embeddable":true,"href":"https:\/\/www.martin-parvanov.com\/de-de\/wp-json\/wp\/v2\/users\/1"}],"replies":[{"embeddable":true,"href":"https:\/\/www.martin-parvanov.com\/de-de\/wp-json\/wp\/v2\/comments?post=119"}],"version-history":[{"count":5,"href":"https:\/\/www.martin-parvanov.com\/de-de\/wp-json\/wp\/v2\/pages\/119\/revisions"}],"predecessor-version":[{"id":362,"href":"https:\/\/www.martin-parvanov.com\/de-de\/wp-json\/wp\/v2\/pages\/119\/revisions\/362"}],"wp:attachment":[{"href":"https:\/\/www.martin-parvanov.com\/de-de\/wp-json\/wp\/v2\/media?parent=119"}],"curies":[{"name":"wp","href":"https:\/\/api.w.org\/{rel}","templated":true}]}}